{"id":33,"date":"2023-12-13T16:43:20","date_gmt":"2023-12-13T15:43:20","guid":{"rendered":"https:\/\/www.aliciabirr.coach\/?page_id=33"},"modified":"2024-09-03T08:51:32","modified_gmt":"2024-09-03T06:51:32","slug":"quelques-mots-a-echanger","status":"publish","type":"page","link":"https:\/\/www.aliciabirr.coach\/index.php\/quelques-mots-a-echanger\/","title":{"rendered":"me contacter"},"content":{"rendered":"\n<div class=\"wp-block-media-text alignfull has-media-on-the-right is-stacked-on-mobile is-vertically-aligned-center has-background\" style=\"background-color:#f5e0d1;grid-template-columns:auto 30%\"><div class=\"wp-block-media-text__content\">\n<div class=\"wp-block-group\" style=\"padding-top:2em;padding-right:2em;padding-bottom:2em;padding-left:2em\"><div class=\"wp-block-group__inner-container is-layout-flow wp-block-group-is-layout-flow\">\n<p style=\"font-size:20px\">Le coaching vous int\u00e9resse mais vous avez encore des <strong>questions<\/strong> ? <br><br>Vous avez envie de commencer un cycle de <strong>coaching individuel<\/strong> ? <br><br>Vous voulez organiser une session de<strong> coaching collectif <\/strong>pour votre \u00e9quipe ? <br><br>Si vous n&rsquo;avez pas trouv\u00e9 r\u00e9ponse \u00e0 vos questions dans la section du site qui explique <a href=\"https:\/\/www.aliciabirr.coach\/index.php\/quelques-mots-sur-ma-pratique-du-coaching\/#vision\">ma vision du coaching<\/a>, pr\u00e9sente mon <a href=\"https:\/\/www.aliciabirr.coach\/index.php\/quelques-mots-sur-moi\/#parcours\" data-type=\"internal\" data-id=\"#parcours\">parcours<\/a> ou l&rsquo;offre de <a href=\"https:\/\/www.aliciabirr.coach\/index.php\/quelques-mots-sur-ma-pratique-du-coaching\/#coachingindividuel\">coaching individuel<\/a>, <a href=\"https:\/\/www.aliciabirr.coach\/index.php\/quelques-mots-sur-ma-pratique-du-coaching\/#coachingcollectif\">collectif<\/a> ou de <a href=\"https:\/\/www.aliciabirr.coach\/index.php\/quelques-mots-sur-ma-pratique-du-coaching\/#coachingleader\">leader<\/a>, n&rsquo;h\u00e9sitez pas \u00e0 <strong>m&rsquo;\u00e9crire via le formulaire <\/strong>ci-dessous ou \u00e0 <strong>programmer un entretien de 40 minutes en visio<\/strong>.<\/p>\n<\/div><\/div>\n<\/div><figure class=\"wp-block-media-text__media\"><img loading=\"lazy\" decoding=\"async\" width=\"1024\" height=\"1024\" src=\"https:\/\/www.aliciabirr.coach\/wp-content\/uploads\/2024\/01\/bulle_orange-1024x1024.png\" alt=\"\" class=\"wp-image-258 size-full\" srcset=\"https:\/\/www.aliciabirr.coach\/wp-content\/uploads\/2024\/01\/bulle_orange-1024x1024.png 1024w, https:\/\/www.aliciabirr.coach\/wp-content\/uploads\/2024\/01\/bulle_orange-300x300.png 300w, https:\/\/www.aliciabirr.coach\/wp-content\/uploads\/2024\/01\/bulle_orange-150x150.png 150w, https:\/\/www.aliciabirr.coach\/wp-content\/uploads\/2024\/01\/bulle_orange-768x768.png 768w, https:\/\/www.aliciabirr.coach\/wp-content\/uploads\/2024\/01\/bulle_orange-1536x1536.png 1536w, https:\/\/www.aliciabirr.coach\/wp-content\/uploads\/2024\/01\/bulle_orange-1200x1200.png 1200w, https:\/\/www.aliciabirr.coach\/wp-content\/uploads\/2024\/01\/bulle_orange.png 1563w\" sizes=\"auto, (max-width: 1024px) 100vw, 1024px\" \/><\/figure><\/div>\n\n\n\n<h2 class=\"wp-block-heading has-text-align-center has-accent-color has-text-color has-link-color wp-elements-8e743fdd456bd6032a3917f76160be12\" id=\"message\">Envoyer un message<\/h2>\n\n\n\n<div class=\"wp-block-media-text alignfull has-media-on-the-right is-stacked-on-mobile is-vertically-aligned-center has-background-background-color has-background\" style=\"grid-template-columns:auto 26%\"><div class=\"wp-block-media-text__content\">\n<div class=\"wp-block-group\" style=\"padding-top:2em;padding-right:2em;padding-bottom:2em;padding-left:2em\"><div class=\"wp-block-group__inner-container is-layout-flow wp-block-group-is-layout-flow\"><div class=\"wpforms-container wpforms-container-full wpforms-block wpforms-block-3b1a1ce4-2e28-4e43-b746-c9c3189bab8f wpforms-render-modern\" id=\"wpforms-264\"><form id=\"wpforms-form-264\" class=\"wpforms-validate wpforms-form wpforms-ajax-form\" data-formid=\"264\" method=\"post\" enctype=\"multipart\/form-data\" action=\"\/index.php\/wp-json\/wp\/v2\/pages\/33\" data-token=\"dccd90fde658386348a52501f7ddb7f9\" data-token-time=\"1776239522\"><noscript class=\"wpforms-error-noscript\">Veuillez activer JavaScript dans votre navigateur pour remplir ce formulaire.<\/noscript><div id=\"wpforms-error-noscript\" style=\"display: none;\">Veuillez activer JavaScript dans votre navigateur pour remplir ce formulaire.<\/div><div class=\"wpforms-field-container\"><div id=\"wpforms-264-field_0-container\" class=\"wpforms-field wpforms-field-name\" data-field-id=\"0\"><label class=\"wpforms-field-label\" for=\"wpforms-264-field_0\">Pr\u00e9nom et nom <span class=\"wpforms-required-label\" aria-hidden=\"true\">*<\/span><\/label><input type=\"text\" id=\"wpforms-264-field_0\" class=\"wpforms-field-medium wpforms-field-required\" name=\"wpforms[fields][0]\" aria-errormessage=\"wpforms-264-field_0-error\" required><\/div><div id=\"wpforms-264-field_1-container\" class=\"wpforms-field wpforms-field-email\" data-field-id=\"1\"><label class=\"wpforms-field-label\" for=\"wpforms-264-field_1\">E-mail <span class=\"wpforms-required-label\" aria-hidden=\"true\">*<\/span><\/label><input type=\"email\" id=\"wpforms-264-field_1\" class=\"wpforms-field-medium wpforms-field-required\" name=\"wpforms[fields][1]\" spellcheck=\"false\" aria-errormessage=\"wpforms-264-field_1-error\" required><\/div><div id=\"wpforms-264-field_5-container\" class=\"wpforms-field wpforms-field-checkbox\" data-field-id=\"5\"><fieldset><legend class=\"wpforms-field-label\">Objet de votre demande<\/legend><ul id=\"wpforms-264-field_5\"><li class=\"choice-1 depth-1\"><input type=\"checkbox\" id=\"wpforms-264-field_5_1\" name=\"wpforms[fields][5][]\" value=\"Informations g\u00e9n\u00e9rales sur le coaching\" aria-errormessage=\"wpforms-264-field_5_1-error\"  ><label class=\"wpforms-field-label-inline\" for=\"wpforms-264-field_5_1\">Informations g\u00e9n\u00e9rales sur le coaching<\/label><\/li><li class=\"choice-2 depth-1\"><input type=\"checkbox\" id=\"wpforms-264-field_5_2\" name=\"wpforms[fields][5][]\" value=\"Coaching individuel\" aria-errormessage=\"wpforms-264-field_5_2-error\"  ><label class=\"wpforms-field-label-inline\" for=\"wpforms-264-field_5_2\">Coaching individuel<\/label><\/li><li class=\"choice-3 depth-1\"><input type=\"checkbox\" id=\"wpforms-264-field_5_3\" name=\"wpforms[fields][5][]\" value=\"Coaching collectif\" aria-errormessage=\"wpforms-264-field_5_3-error\"  ><label class=\"wpforms-field-label-inline\" for=\"wpforms-264-field_5_3\">Coaching collectif<\/label><\/li><li class=\"choice-4 depth-1\"><input type=\"checkbox\" id=\"wpforms-264-field_5_4\" name=\"wpforms[fields][5][]\" value=\"Coaching de leader\" aria-errormessage=\"wpforms-264-field_5_4-error\"  ><label class=\"wpforms-field-label-inline\" for=\"wpforms-264-field_5_4\">Coaching de leader<\/label><\/li><li class=\"choice-5 depth-1\"><input type=\"checkbox\" id=\"wpforms-264-field_5_5\" name=\"wpforms[fields][5][]\" value=\"Accompagnement \u00e0 la prise de parole\" aria-errormessage=\"wpforms-264-field_5_5-error\"  ><label class=\"wpforms-field-label-inline\" for=\"wpforms-264-field_5_5\">Accompagnement \u00e0 la prise de parole<\/label><\/li><li class=\"choice-6 depth-1\"><input type=\"checkbox\" id=\"wpforms-264-field_5_6\" name=\"wpforms[fields][5][]\" value=\"Autre\" aria-errormessage=\"wpforms-264-field_5_6-error\"  ><label class=\"wpforms-field-label-inline\" for=\"wpforms-264-field_5_6\">Autre<\/label><\/li><\/ul><\/fieldset><\/div><div id=\"wpforms-264-field_2-container\" class=\"wpforms-field wpforms-field-textarea\" data-field-id=\"2\"><label class=\"wpforms-field-label\" for=\"wpforms-264-field_2\">Message <span class=\"wpforms-required-label\" aria-hidden=\"true\">*<\/span><\/label><textarea id=\"wpforms-264-field_2\" class=\"wpforms-field-medium wpforms-field-required\" name=\"wpforms[fields][2]\" aria-errormessage=\"wpforms-264-field_2-error\" required><\/textarea><\/div><\/div><!-- .wpforms-field-container --><div class=\"wpforms-recaptcha-container wpforms-is-recaptcha wpforms-is-recaptcha-type-v3\" ><input type=\"hidden\" name=\"wpforms[recaptcha]\" value=\"\"><\/div><div class=\"wpforms-submit-container\" ><input type=\"hidden\" name=\"wpforms[id]\" value=\"264\"><input type=\"hidden\" name=\"page_title\" value=\"\"><input type=\"hidden\" name=\"page_url\" value=\"https:\/\/www.aliciabirr.coach\/index.php\/wp-json\/wp\/v2\/pages\/33\"><input type=\"hidden\" name=\"url_referer\" value=\"\"><button type=\"submit\" name=\"wpforms[submit]\" id=\"wpforms-submit-264\" class=\"wpforms-submit\" data-alt-text=\"Envoi...\" data-submit-text=\"Envoyer\" aria-live=\"assertive\" value=\"wpforms-submit\">Envoyer<\/button><img loading=\"lazy\" decoding=\"async\" src=\"https:\/\/www.aliciabirr.coach\/wp-content\/plugins\/wpforms-lite\/assets\/images\/submit-spin.svg\" class=\"wpforms-submit-spinner\" style=\"display: none;\" width=\"26\" height=\"26\" alt=\"Chargement en cours\"><\/div><\/form><\/div>  <!-- .wpforms-container --><\/div><\/div>\n<\/div><figure class=\"wp-block-media-text__media\"><img loading=\"lazy\" decoding=\"async\" width=\"1024\" height=\"1024\" src=\"https:\/\/www.aliciabirr.coach\/wp-content\/uploads\/2024\/01\/enveloppe-1024x1024.png\" alt=\"\" class=\"wp-image-270 size-full\" srcset=\"https:\/\/www.aliciabirr.coach\/wp-content\/uploads\/2024\/01\/enveloppe-1024x1024.png 1024w, https:\/\/www.aliciabirr.coach\/wp-content\/uploads\/2024\/01\/enveloppe-300x300.png 300w, https:\/\/www.aliciabirr.coach\/wp-content\/uploads\/2024\/01\/enveloppe-150x150.png 150w, https:\/\/www.aliciabirr.coach\/wp-content\/uploads\/2024\/01\/enveloppe-768x768.png 768w, https:\/\/www.aliciabirr.coach\/wp-content\/uploads\/2024\/01\/enveloppe-1536x1536.png 1536w, https:\/\/www.aliciabirr.coach\/wp-content\/uploads\/2024\/01\/enveloppe-1200x1200.png 1200w, https:\/\/www.aliciabirr.coach\/wp-content\/uploads\/2024\/01\/enveloppe.png 1563w\" sizes=\"auto, (max-width: 1024px) 100vw, 1024px\" \/><\/figure><\/div>\n\n\n\n<hr class=\"wp-block-separator alignfull has-alpha-channel-opacity\"\/>\n\n\n\n<h2 class=\"wp-block-heading has-text-align-center has-accent-color has-text-color has-link-color wp-elements-fe0e72a1bd5d7fc8354e499a001e26fb\" id=\"visio\">Programmer un entretien de 40 minutes en visio<\/h2>\n\n\n\n<div class=\"wp-block-media-text alignfull is-stacked-on-mobile is-vertically-aligned-center has-background-background-color has-background\" style=\"grid-template-columns:29% auto\"><figure class=\"wp-block-media-text__media\"><img loading=\"lazy\" decoding=\"async\" width=\"500\" height=\"500\" src=\"https:\/\/www.aliciabirr.coach\/wp-content\/uploads\/2024\/01\/regarder.png\" alt=\"\" class=\"wp-image-262 size-full\" srcset=\"https:\/\/www.aliciabirr.coach\/wp-content\/uploads\/2024\/01\/regarder.png 500w, https:\/\/www.aliciabirr.coach\/wp-content\/uploads\/2024\/01\/regarder-300x300.png 300w, https:\/\/www.aliciabirr.coach\/wp-content\/uploads\/2024\/01\/regarder-150x150.png 150w\" sizes=\"auto, (max-width: 500px) 100vw, 500px\" \/><\/figure><div class=\"wp-block-media-text__content\">\n<div class=\"wp-block-group\" style=\"padding-top:2em;padding-right:2em;padding-bottom:2em;padding-left:2em\"><div class=\"wp-block-group__inner-container is-layout-flow wp-block-group-is-layout-flow\">\n<!-- Google Calendar Appointment Scheduling begin -->\n<iframe loading=\"lazy\" src=\"https:\/\/calendar.google.com\/calendar\/appointments\/schedules\/AcZssZ24Pjw4MrpE9B0DqohS6tM_pQlvFX57Hl2lt7qwQw_5qV6SlSaFBgrcJ6ykRw7va-ptiB5JDehY?gv=true\" style=\"border: 0\" width=\"100%\" height=\"1100\" frameborder=\"0\"><\/iframe>\n<!-- end Google Calendar Appointment Scheduling -->\n\n\n\n<p class=\"has-extra-small-font-size\"><\/p>\n<\/div><\/div>\n<\/div><\/div>\n","protected":false},"excerpt":{"rendered":"<p>Envoyer un message Programmer un entretien de 40 minutes en visio<\/p>\n","protected":false},"author":1,"featured_media":0,"parent":0,"menu_order":0,"comment_status":"closed","ping_status":"closed","template":"","meta":{"footnotes":""},"class_list":["post-33","page","type-page","status-publish","hentry"],"_links":{"self":[{"href":"https:\/\/www.aliciabirr.coach\/index.php\/wp-json\/wp\/v2\/pages\/33","targetHints":{"allow":["GET"]}}],"collection":[{"href":"https:\/\/www.aliciabirr.coach\/index.php\/wp-json\/wp\/v2\/pages"}],"about":[{"href":"https:\/\/www.aliciabirr.coach\/index.php\/wp-json\/wp\/v2\/types\/page"}],"author":[{"embeddable":true,"href":"https:\/\/www.aliciabirr.coach\/index.php\/wp-json\/wp\/v2\/users\/1"}],"replies":[{"embeddable":true,"href":"https:\/\/www.aliciabirr.coach\/index.php\/wp-json\/wp\/v2\/comments?post=33"}],"version-history":[{"count":10,"href":"https:\/\/www.aliciabirr.coach\/index.php\/wp-json\/wp\/v2\/pages\/33\/revisions"}],"predecessor-version":[{"id":387,"href":"https:\/\/www.aliciabirr.coach\/index.php\/wp-json\/wp\/v2\/pages\/33\/revisions\/387"}],"wp:attachment":[{"href":"https:\/\/www.aliciabirr.coach\/index.php\/wp-json\/wp\/v2\/media?parent=33"}],"curies":[{"name":"wp","href":"https:\/\/api.w.org\/{rel}","templated":true}]}}